{"id":12,"date":"2019-01-16T10:59:52","date_gmt":"2019-01-16T10:59:52","guid":{"rendered":"https:\/\/2019.stuttgart.wordcamp.org\/organizers\/"},"modified":"2019-11-08T14:39:15","modified_gmt":"2019-11-08T13:39:15","slug":"organisers","status":"publish","type":"page","link":"https:\/\/stuttgart.wordcamp.org\/2019\/organisers\/","title":{"rendered":"Organisatoren \/ Organisers"},"content":{"rendered":"<ul class=\"wordcamp-block wordcamp-post-list has-layout-grid wordcamp-organizers has-grid-columns-2\"><li class=\"wordcamp-post-list__post wordcamp-clearfix\">\n<div class=\"wordcamp-organizer wordcamp-organizers__post slug-simon-kraft\">\n\t<h3 class=\"wordcamp-block__item-title wordcamp-organizers__title\">Simon Kraft<\/h3>\n\t\t\t<div class=\"wordcamp-image__avatar-container align-none\">\n\t\t\t<img decoding=\"async\" src=\"https:\/\/secure.gravatar.com\/avatar\/5c70c8457ca931d6aeed65b8c65e68aa5e12b0e742334c2c2e233affe2f193f3?s=150&amp;d=mm&amp;r=g\" alt=\"Avatar von Simon Kraft\" \/>\t\t<\/div>\n\t\n\t\t\t<div class=\"wordcamp-block__item-content wordcamp-organizers__content is-full\"><p>Seit 2008 arbeitet Simon an und mit WordPress und hat dabei die verschiedensten Rollen. Wenn er nicht damit besch\u00e4ftigt ist, seinen Newsletter zu schreiben, einen neuen Podcast aufzunehmen oder sich neue Funktionen f\u00fcr ein Plugin auszudenken, k\u00fcmmert er sich um das WordCamp Stuttgart. Hier hat nicht nur ein Auge auf die Speaker, sondern besch\u00e4ftigt sich auch mit so ziemlich allem anderen.<\/p>\n<\/div>\t<\/div>\n\n<\/li><li class=\"wordcamp-post-list__post wordcamp-clearfix\">\n<div class=\"wordcamp-organizer wordcamp-organizers__post slug-dennis-hipp\">\n\t<h3 class=\"wordcamp-block__item-title wordcamp-organizers__title\">Dennis Hipp<\/h3>\n\t\t\t<div class=\"wordcamp-image__avatar-container align-none\">\n\t\t\t<img decoding=\"async\" src=\"https:\/\/secure.gravatar.com\/avatar\/64c52b6915961058b9d0cd71a67376c9a2d026a627ce4c29697113f721a2bf9c?s=150&amp;d=mm&amp;r=g\" alt=\"Avatar von Dennis Hipp\" \/>\t\t<\/div>\n\t\n\t\t\t<div class=\"wordcamp-block__item-content wordcamp-organizers__content is-full\"><p>Mit WordPress kam Dennis zum ersten Mal im Jahr 2010 in Kontakt und setzte seitdem damit als Web\u00ad\u00adent\u00adwickler und Web\u00addesigner aus Stut\u00adtgart un\u00adz\u00e4hlige Projekte um. Wenn er nicht an irgend\u00adwelchen Plugins oder Themes schraubt, hilft er bei der Orga\u00adni\u00adsation des WP Meetups. F\u00fcr das WordCamp Stuttgart er\u00adstell\u00adte er die Website und ist f\u00fcr Content und Social Media ver\u00ad\u00adant\u00adwort\u00ad\u00adlich.<\/p>\n<\/div>\t<\/div>\n\n<\/li><li class=\"wordcamp-post-list__post wordcamp-clearfix\">\n<div class=\"wordcamp-organizer wordcamp-organizers__post slug-matze-kittsteiner\">\n\t<h3 class=\"wordcamp-block__item-title wordcamp-organizers__title\">Matthias Kittsteiner<\/h3>\n\t\t\t<div class=\"wordcamp-image__avatar-container align-none\">\n\t\t\t<img decoding=\"async\" src=\"https:\/\/secure.gravatar.com\/avatar\/d119cd485d9a60f982ed3842a86f47d32646792d961f2b65d1c1ca59bbcbb627?s=150&amp;d=mm&amp;r=g\" alt=\"Avatar von Matthias Kittsteiner\" \/>\t\t<\/div>\n\t\n\t\t\t<div class=\"wordcamp-block__item-content wordcamp-organizers__content is-full\"><p>Matthias arbeitet als Web\u00adent\u00adwickler und kam 2016 das erste Mal intensiv mit WordPress in Ber\u00fchrung. Seither entwickelt er flei\u00dfig Plugins und Themes und \u00fcbersetzt als globaler PTE Plugins und Themes auf Deutsch. Beim WordCamp Stuttgart ist er haupt\u00adver\u00adant\u00adwort\u00adlich f\u00fcr das Budget und das Wohl\u00adbefinden der Vol\u00adun\u00adteers.<\/p>\n<\/div>\t<\/div>\n\n<\/li><li class=\"wordcamp-post-list__post wordcamp-clearfix\">\n<div class=\"wordcamp-organizer wordcamp-organizers__post slug-christopher-kurth\">\n\t<h3 class=\"wordcamp-block__item-title wordcamp-organizers__title\">Christopher Kurth<\/h3>\n\t\t\t<div class=\"wordcamp-image__avatar-container align-none\">\n\t\t\t<img decoding=\"async\" src=\"https:\/\/secure.gravatar.com\/avatar\/5ce8a37c4850aa427354e90860449b5e5733954b555483c92a7b9abd41040edd?s=150&amp;d=mm&amp;r=g\" alt=\"Avatar von Christopher Kurth\" \/>\t\t<\/div>\n\t\n\t\t\t<div class=\"wordcamp-block__item-content wordcamp-organizers__content is-full\"><p>Das erste WordCamp besuchte er 2014 in Z\u00fcrich und ist seit dem vollends in die WP Community eingetaucht. Seine erste Ber\u00fchrung mit WordPress machte er bereits 2006 und entwickelt jetzt auch f\u00fcr Kunden WordPress Websiten. Christopher ist Orga\u00adnisator des WP Meetups in Jena und k\u00fcmmert sich beim WordCamp Stuttgart um das Sponsoring.<\/p>\n<\/div>\t<\/div>\n\n<\/li><li class=\"wordcamp-post-list__post wordcamp-clearfix\">\n<div class=\"wordcamp-organizer wordcamp-organizers__post slug-nadine-hipp\">\n\t<h3 class=\"wordcamp-block__item-title wordcamp-organizers__title\">Nadine Hipp<\/h3>\n\t\t\t<div class=\"wordcamp-image__avatar-container align-none\">\n\t\t\t<img decoding=\"async\" src=\"https:\/\/secure.gravatar.com\/avatar\/cb2976d584533702121641bf442c190b8c631d81b0a063e567179ae80bd16819?s=150&amp;d=mm&amp;r=g\" alt=\"Avatar von Nadine Hipp\" \/>\t\t<\/div>\n\t\n\t\t\t<div class=\"wordcamp-block__item-content wordcamp-organizers__content is-full\"><p>Von Herzen Stutt\u00adgart\u00aderin und der Welt der Gestaltung und Kreation verfallen. Nebenher als Grafik\u00addesignerin\/Foto\u00adgrafin und k\u00fcnst\u00adler\u00adisch unterwegs, hat es mich vor drei\u00adein\u00adhalb Jahren zu den Regio\u00adHelden in die Welt des Online-Marketings verschlagen. Dort kam auch der erste engere Kontakt mit WordPress zustande. Seither darf ich mit viel Freude die Stutt\u00adgarter WP Community mit meinen krea\u00adtiven Ideen unterst\u00fctzen.<\/p>\n<\/div>\t<\/div>\n\n<\/li><\/ul>","protected":false},"excerpt":{"rendered":"","protected":false},"author":8200561,"featured_media":0,"parent":0,"menu_order":0,"comment_status":"closed","ping_status":"closed","template":"","meta":{"jetpack_post_was_ever_published":false,"footnotes":""},"class_list":["post-12","page","type-page","status-publish","hentry"],"jetpack_sharing_enabled":true,"_links":{"self":[{"href":"https:\/\/stuttgart.wordcamp.org\/2019\/wp-json\/wp\/v2\/pages\/12","targetHints":{"allow":["GET"]}}],"collection":[{"href":"https:\/\/stuttgart.wordcamp.org\/2019\/wp-json\/wp\/v2\/pages"}],"about":[{"href":"https:\/\/stuttgart.wordcamp.org\/2019\/wp-json\/wp\/v2\/types\/page"}],"author":[{"embeddable":true,"href":"https:\/\/stuttgart.wordcamp.org\/2019\/wp-json\/wp\/v2\/users\/8200561"}],"replies":[{"embeddable":true,"href":"https:\/\/stuttgart.wordcamp.org\/2019\/wp-json\/wp\/v2\/comments?post=12"}],"version-history":[{"count":7,"href":"https:\/\/stuttgart.wordcamp.org\/2019\/wp-json\/wp\/v2\/pages\/12\/revisions"}],"predecessor-version":[{"id":2546,"href":"https:\/\/stuttgart.wordcamp.org\/2019\/wp-json\/wp\/v2\/pages\/12\/revisions\/2546"}],"wp:attachment":[{"href":"https:\/\/stuttgart.wordcamp.org\/2019\/wp-json\/wp\/v2\/media?parent=12"}],"curies":[{"name":"wp","href":"https:\/\/api.w.org\/{rel}","templated":true}]}}